{"id":18,"date":"2024-04-04T16:45:15","date_gmt":"2024-04-04T16:45:15","guid":{"rendered":"https:\/\/demosites.royal-elementor-addons.com\/travel-v3\/?page_id=18"},"modified":"2025-05-18T09:39:12","modified_gmt":"2025-05-18T09:39:12","slug":"about-us","status":"publish","type":"page","link":"https:\/\/perladubai.com\/es\/about-us\/","title":{"rendered":"Qui\u00e9nes somos"},"content":{"rendered":"<div data-elementor-type=\"wp-page\" data-elementor-id=\"18\" class=\"elementor elementor-18\">\n\t\t\t\t<div class=\"elementor-element elementor-element-0e2d904 e-flex e-con-boxed wpr-particle-no wpr-jarallax-no wpr-parallax-no wpr-sticky-section-no e-con e-parent\" data-id=\"0e2d904\" data-element_type=\"container\" data-settings=\"{&quot;background_background&quot;:&quot;classic&quot;}\">\n\t\t\t\t\t<div class=\"e-con-inner\">\n\t\t\t\t<div class=\"elementor-element elementor-element-baf19eb elementor-widget elementor-widget-heading\" data-id=\"baf19eb\" data-element_type=\"widget\" data-widget_type=\"heading.default\">\n\t\t\t\t<div class=\"elementor-widget-container\">\n\t\t\t\t\t<h2 class=\"elementor-heading-title elementor-size-default\">Qui\u00e9nes somos<\/h2>\t\t\t\t<\/div>\n\t\t\t\t<\/div>\n\t\t\t\t\t<\/div>\n\t\t\t\t<\/div>\n\t\t<div class=\"elementor-element elementor-element-b85ed20 e-flex e-con-boxed wpr-particle-no wpr-jarallax-no wpr-parallax-no wpr-sticky-section-no e-con e-parent\" data-id=\"b85ed20\" data-element_type=\"container\">\n\t\t\t\t\t<div class=\"e-con-inner\">\n\t\t<div class=\"elementor-element elementor-element-52ba569 elementor-hidden-tablet e-con-full e-flex wpr-particle-no wpr-jarallax-no wpr-parallax-no wpr-sticky-section-no elementor-invisible e-con e-child\" data-id=\"52ba569\" data-element_type=\"container\" data-settings=\"{&quot;animation&quot;:&quot;fadeInLeft&quot;}\">\n\t\t\t\t<div class=\"elementor-element elementor-element-06f9c70 elementor-widget elementor-widget-image\" data-id=\"06f9c70\" data-element_type=\"widget\" data-widget_type=\"image.default\">\n\t\t\t\t<div class=\"elementor-widget-container\">\n\t\t\t\t\t\t\t\t\t\t\t\t\t\t\t<img fetchpriority=\"high\" decoding=\"async\" width=\"960\" height=\"541\" src=\"https:\/\/perladubai.com\/wp-content\/uploads\/2024\/04\/png-1024x577.png\" class=\"attachment-large size-large wp-image-1392\" alt=\"\" srcset=\"https:\/\/perladubai.com\/wp-content\/uploads\/2024\/04\/png-1024x577.png 1024w, https:\/\/perladubai.com\/wp-content\/uploads\/2024\/04\/png-300x169.png 300w, https:\/\/perladubai.com\/wp-content\/uploads\/2024\/04\/png-768x433.png 768w, https:\/\/perladubai.com\/wp-content\/uploads\/2024\/04\/png-1536x865.png 1536w, https:\/\/perladubai.com\/wp-content\/uploads\/2024\/04\/png-2048x1154.png 2048w, https:\/\/perladubai.com\/wp-content\/uploads\/2024\/04\/png-600x338.png 600w\" sizes=\"(max-width: 960px) 100vw, 960px\" \/>\t\t\t\t\t\t\t\t\t\t\t\t\t\t\t<\/div>\n\t\t\t\t<\/div>\n\t\t\t\t<\/div>\n\t\t<div class=\"elementor-element elementor-element-9664d5c e-flex e-con-boxed wpr-particle-no wpr-jarallax-no wpr-parallax-no wpr-sticky-section-no elementor-invisible e-con e-child\" data-id=\"9664d5c\" data-element_type=\"container\" data-settings=\"{&quot;animation&quot;:&quot;fadeInRight&quot;}\">\n\t\t\t\t\t<div class=\"e-con-inner\">\n\t\t\t\t<div class=\"elementor-element elementor-element-7cfcad9 elementor-widget elementor-widget-heading\" data-id=\"7cfcad9\" data-element_type=\"widget\" data-widget_type=\"heading.default\">\n\t\t\t\t<div class=\"elementor-widget-container\">\n\t\t\t\t\t<h2 class=\"elementor-heading-title elementor-size-default\">Qui\u00e9nes somos<\/h2>\t\t\t\t<\/div>\n\t\t\t\t<\/div>\n\t\t\t\t<div class=\"elementor-element elementor-element-ecabe99 elementor-widget elementor-widget-heading\" data-id=\"ecabe99\" data-element_type=\"widget\" data-widget_type=\"heading.default\">\n\t\t\t\t<div class=\"elementor-widget-container\">\n\t\t\t\t\t<h2 class=\"elementor-heading-title elementor-size-default translation-block\">Quiero <strong>viajar por el mundo.<\/strong><\/h2>\t\t\t\t<\/div>\n\t\t\t\t<\/div>\n\t\t\t\t<div class=\"elementor-element elementor-element-5ebb5c2 elementor-widget elementor-widget-text-editor\" data-id=\"5ebb5c2\" data-element_type=\"widget\" data-widget_type=\"text-editor.default\">\n\t\t\t\t<div class=\"elementor-widget-container\">\n\t\t\t\t\t\t\t\t\t<p class=\"translation-block\">Desde su fundaci\u00f3n en 2013, Perla Tours se ha convertido en una de las agencias de viajes m\u00e1s reconocidas y rentables de Dub\u00e1i. Nos enorgullece ser una agencia activa y confiable, especializada en viajes de entrada y salida, con m\u00e1s de 30 a\u00f1os de experiencia. La empresa cuenta con oficinas en Dub\u00e1i y El Cairo, y ofrece una amplia gama de servicios tur\u00edsticos, incluidos recorridos \u00fanicos y variados, as\u00ed como paquetes de viajes tanto de entrada como de salida.\n\nCon operaciones directas en los Emiratos \u00c1rabes Unidos, tambi\u00e9n ofrecemos series de tours especializados que atienden diversos intereses: cultura, destinos ex\u00f3ticos, aventura, cruceros, turismo religioso, vacaciones en familia, y mucho m\u00e1s. Brindamos una variedad de servicios para que tus vacaciones sean especiales e inolvidables: paquetes tur\u00edsticos, hoteles, alojamiento, asistencia de visado, recepci\u00f3n en el aeropuerto, traslados y excursiones.\n\nPerla Tours se basa en una filosof\u00eda empresarial y operativa especialmente desarrollada que pone \u00e9nfasis en el compromiso con la excelencia, la creatividad, la estabilidad financiera, el control de calidad y la m\u00e1xima flexibilidad para satisfacer las necesidades de nuestros clientes.<\/p><p>Estamos orgullosos de nuestro pasado, entusiasmados por nuestro futuro, y, por supuesto, felices de que est\u00e9s con nosotros.<\/p>\t\t\t\t\t\t\t\t<\/div>\n\t\t\t\t<\/div>\n\t\t\t\t\t<\/div>\n\t\t\t\t<\/div>\n\t\t\t\t\t<\/div>\n\t\t\t\t<\/div>\n\t\t\t\t<\/div>","protected":false},"excerpt":{"rendered":"<p>About Us About Us I Wanna Travel The World. Since its founding in 2013, Perla Tours has become one of Dubai&#8217;s most reputable and profitable travel companies. We take great pride in being a reputable, active incoming and outgoing agency with more than 30 years of expertise. The business has offices in Dubai and Cairo and offers a variety of tourist services, including wide and distinctive excursions as well as incoming and outgoing trip packages.With direct operations in the UAE, we also provide specialty tour series that serve to a variety of interests, including culture, destinations, adventure, cruising, religious tourism,as well as family vacations and much more. We offer a variety of services to make your vacation special and unforgettable, including tour packages,hotels,accommodations, visa assistance, airport meet\/assist, transfers, and excursions.Perla tours with a specially developed business and operations management philosophy that emphasises commitment to excellence, creativity, financial stability, quality control, and the utmost flexibility in meeting our clients&#8217; needs. We are proud of our past, Excited for our future, and of course you with us.<\/p>","protected":false},"author":1,"featured_media":0,"parent":0,"menu_order":0,"comment_status":"closed","ping_status":"closed","template":"elementor_canvas","meta":{"footnotes":""},"class_list":["post-18","page","type-page","status-publish","hentry"],"_links":{"self":[{"href":"https:\/\/perladubai.com\/es\/wp-json\/wp\/v2\/pages\/18","targetHints":{"allow":["GET"]}}],"collection":[{"href":"https:\/\/perladubai.com\/es\/wp-json\/wp\/v2\/pages"}],"about":[{"href":"https:\/\/perladubai.com\/es\/wp-json\/wp\/v2\/types\/page"}],"author":[{"embeddable":true,"href":"https:\/\/perladubai.com\/es\/wp-json\/wp\/v2\/users\/1"}],"replies":[{"embeddable":true,"href":"https:\/\/perladubai.com\/es\/wp-json\/wp\/v2\/comments?post=18"}],"version-history":[{"count":36,"href":"https:\/\/perladubai.com\/es\/wp-json\/wp\/v2\/pages\/18\/revisions"}],"predecessor-version":[{"id":2509,"href":"https:\/\/perladubai.com\/es\/wp-json\/wp\/v2\/pages\/18\/revisions\/2509"}],"wp:attachment":[{"href":"https:\/\/perladubai.com\/es\/wp-json\/wp\/v2\/media?parent=18"}],"curies":[{"name":"wp","href":"https:\/\/api.w.org\/{rel}","templated":true}]}}